{"id":814,"date":"2023-09-26T15:21:15","date_gmt":"2023-09-26T15:21:15","guid":{"rendered":"https:\/\/orangemachine.fr\/?page_id=814"},"modified":"2024-02-25T10:59:42","modified_gmt":"2024-02-25T10:59:42","slug":"mentions-legales","status":"publish","type":"page","link":"https:\/\/orangemachine.fr\/en\/mentions-legales\/","title":{"rendered":"Mentions l\u00e9gales"},"content":{"rendered":"<div data-elementor-type=\"wp-page\" data-elementor-id=\"814\" class=\"elementor elementor-814\" data-elementor-post-type=\"page\">\n\t\t\t\t\t\t<section class=\"elementor-section elementor-top-section elementor-element elementor-element-27d271d elementor-section-boxed elementor-section-height-default elementor-section-height-default\" data-id=\"27d271d\" data-element_type=\"section\">\n\t\t\t\t\t\t<div class=\"elementor-container elementor-column-gap-default\">\n\t\t\t\t\t<div class=\"elementor-column elementor-col-100 elementor-top-column elementor-element elementor-element-725c3c0\" data-id=\"725c3c0\" data-element_type=\"column\">\n\t\t\t<div class=\"elementor-widget-wrap elementor-element-populated\">\n\t\t\t\t\t\t<div class=\"elementor-element elementor-element-dabd057 elementor-widget elementor-widget-heading\" data-id=\"dabd057\" data-element_type=\"widget\" data-widget_type=\"heading.default\">\n\t\t\t\t<div class=\"elementor-widget-container\">\n\t\t\t\t\t<h2 class=\"elementor-heading-title elementor-size-default\">Mentions l\u00e9gales<\/h2>\t\t\t\t<\/div>\n\t\t\t\t<\/div>\n\t\t\t\t\t<\/div>\n\t\t<\/div>\n\t\t\t\t\t<\/div>\n\t\t<\/section>\n\t\t\t\t<section class=\"elementor-section elementor-top-section elementor-element elementor-element-a804a8a elementor-section-boxed elementor-section-height-default elementor-section-height-default\" data-id=\"a804a8a\" data-element_type=\"section\">\n\t\t\t\t\t\t<div class=\"elementor-container elementor-column-gap-default\">\n\t\t\t\t\t<div class=\"elementor-column elementor-col-100 elementor-top-column elementor-element elementor-element-648535d\" data-id=\"648535d\" data-element_type=\"column\" data-settings=\"{&quot;background_background&quot;:&quot;classic&quot;}\">\n\t\t\t<div class=\"elementor-widget-wrap elementor-element-populated\">\n\t\t\t\t\t\t<div class=\"elementor-element elementor-element-18f8087 elementor-widget elementor-widget-text-editor\" data-id=\"18f8087\" data-element_type=\"widget\" data-widget_type=\"text-editor.default\">\n\t\t\t\t<div class=\"elementor-widget-container\">\n\t\t\t\t\t\t\t\t\t<p>Orangemachine est enregistr\u00e9e au registre du commerce sous la d\u00e9nomination<\/p><p>Orangemachine SAS<br \/>\u00e9tablie au 5 rue du Pipay, 44000 NANTES<br \/>n\u00b0SIRET : 94959741300010 RCS NANTES.<\/p><ul><li>Directeur de la publication : Franck Guillois<\/li><li>Num\u00e9ro de t\u00e9l\u00e9phone :\u00a0+33 970 449 029<\/li><li>Nom et adresse de l&rsquo;h\u00e9bergeur du site :<br \/>Snappy Host Ltd<br \/>160 Kemp House<br \/>City Road<br \/>London UK \/ Tel : +44 330 229 1230<\/li><li>Pour toute demande, merci de passer par\u00a0<a href=\"\/en\/contact\/\">notre formulaire de contact<\/a>\u00a0ou nous \u00e9crire \u00e0 l&rsquo;adresse suivante : contact arobase orangemachine.fr (remplacer le mot arobase par le signe @ dans votre logiciel de messagerie).<\/li><\/ul><p><span style=\"font-family: var( --e-global-typography-text-font-family ), Sans-serif; font-weight: var( --e-global-typography-text-font-weight ); font-size: 1rem;\">\u00a0<\/span><\/p><p><span style=\"font-family: var( --e-global-typography-text-font-family ), Sans-serif; font-weight: var( --e-global-typography-text-font-weight ); font-size: 1rem;\">Pour plus d&rsquo;informations sur la gestion des donn\u00e9es personnelles, veuillez consulter\u00a0<\/span><a href=\"\/en\/politique-de-confidentialite\/\">notre politique de confidentialit\u00e9<\/a>.<\/p>\t\t\t\t\t\t\t\t<\/div>\n\t\t\t\t<\/div>\n\t\t\t\t\t<\/div>\n\t\t<\/div>\n\t\t\t\t\t<\/div>\n\t\t<\/section>\n\t\t\t\t<\/div>","protected":false},"excerpt":{"rendered":"<p>Orangemachine est enregistr\u00e9e au registre du commerce sous la d\u00e9nomination Orangemachine SAS\u00e9tablie au 5 rue du Pipay, 44000 NANTESn\u00b0SIRET : 94959741300010 RCS NANTES. Directeur de la publication : Franck Guillois [&hellip;]<\/p>","protected":false},"author":1,"featured_media":0,"parent":0,"menu_order":0,"comment_status":"closed","ping_status":"closed","template":"elementor_header_footer","meta":{"_acf_changed":false,"_price":"","_stock":"","_tribe_ticket_header":"","_tribe_default_ticket_provider":"","_tribe_ticket_capacity":"0","_ticket_start_date":"","_ticket_end_date":"","_tribe_ticket_show_description":"","_tribe_ticket_show_not_going":false,"_tribe_ticket_use_global_stock":"","_tribe_ticket_global_stock_level":"","_global_stock_mode":"","_global_stock_cap":"","_tribe_rsvp_for_event":"","_tribe_ticket_going_count":"","_tribe_ticket_not_going_count":"","_tribe_tickets_list":"[]","_tribe_ticket_has_attendee_info_fields":false,"footnotes":""},"class_list":["post-814","page","type-page","status-publish","hentry"],"acf":[],"yoast_head":"<!-- This site is optimized with the Yoast SEO plugin v25.5 - https:\/\/yoast.com\/wordpress\/plugins\/seo\/ -->\n<title>Mentions l\u00e9gales - Orangemachine<\/title>\n<meta name=\"robots\" content=\"index, follow, max-snippet:-1, max-image-preview:large, max-video-preview:-1\" \/>\n<link rel=\"canonical\" href=\"https:\/\/orangemachine.fr\/en\/mentions-legales\/\" \/>\n<meta property=\"og:locale\" content=\"en_US\" \/>\n<meta property=\"og:type\" content=\"article\" \/>\n<meta property=\"og:title\" content=\"Mentions l\u00e9gales - Orangemachine\" \/>\n<meta property=\"og:description\" content=\"Orangemachine est enregistr\u00e9e au registre du commerce sous la d\u00e9nomination Orangemachine SAS\u00e9tablie au 5 rue du Pipay, 44000 NANTESn\u00b0SIRET : 94959741300010 RCS NANTES. Directeur de la publication : Franck Guillois [&hellip;]\" \/>\n<meta property=\"og:url\" content=\"https:\/\/orangemachine.fr\/en\/mentions-legales\/\" \/>\n<meta property=\"og:site_name\" content=\"Orangemachine\" \/>\n<meta property=\"article:modified_time\" content=\"2024-02-25T10:59:42+00:00\" \/>\n<meta name=\"twitter:card\" content=\"summary_large_image\" \/>\n<meta name=\"twitter:label1\" content=\"Est. reading time\" \/>\n\t<meta name=\"twitter:data1\" content=\"1 minute\" \/>\n<script type=\"application\/ld+json\" class=\"yoast-schema-graph\">{\"@context\":\"https:\/\/schema.org\",\"@graph\":[{\"@type\":\"WebPage\",\"@id\":\"https:\/\/orangemachine.fr\/mentions-legales\/\",\"url\":\"https:\/\/orangemachine.fr\/mentions-legales\/\",\"name\":\"Mentions l\u00e9gales - Orangemachine\",\"isPartOf\":{\"@id\":\"https:\/\/orangemachine.fr\/#website\"},\"datePublished\":\"2023-09-26T15:21:15+00:00\",\"dateModified\":\"2024-02-25T10:59:42+00:00\",\"breadcrumb\":{\"@id\":\"https:\/\/orangemachine.fr\/mentions-legales\/#breadcrumb\"},\"inLanguage\":\"en-US\",\"potentialAction\":[{\"@type\":\"ReadAction\",\"target\":[\"https:\/\/orangemachine.fr\/mentions-legales\/\"]}]},{\"@type\":\"BreadcrumbList\",\"@id\":\"https:\/\/orangemachine.fr\/mentions-legales\/#breadcrumb\",\"itemListElement\":[{\"@type\":\"ListItem\",\"position\":1,\"name\":\"Accueil\",\"item\":\"https:\/\/orangemachine.fr\/\"},{\"@type\":\"ListItem\",\"position\":2,\"name\":\"Mentions l\u00e9gales\"}]},{\"@type\":\"WebSite\",\"@id\":\"https:\/\/orangemachine.fr\/#website\",\"url\":\"https:\/\/orangemachine.fr\/\",\"name\":\"Orangemachine\",\"description\":\"Sharing the passion for electronic music\",\"publisher\":{\"@id\":\"https:\/\/orangemachine.fr\/#organization\"},\"potentialAction\":[{\"@type\":\"SearchAction\",\"target\":{\"@type\":\"EntryPoint\",\"urlTemplate\":\"https:\/\/orangemachine.fr\/?s={search_term_string}\"},\"query-input\":{\"@type\":\"PropertyValueSpecification\",\"valueRequired\":true,\"valueName\":\"search_term_string\"}}],\"inLanguage\":\"en-US\"},{\"@type\":\"Organization\",\"@id\":\"https:\/\/orangemachine.fr\/#organization\",\"name\":\"Orangemachine\",\"url\":\"https:\/\/orangemachine.fr\/\",\"logo\":{\"@type\":\"ImageObject\",\"inLanguage\":\"en-US\",\"@id\":\"https:\/\/orangemachine.fr\/#\/schema\/logo\/image\/\",\"url\":\"https:\/\/orangemachine.fr\/wp-content\/uploads\/2023\/04\/Capture-decran-2023-03-19-a-20.39.07.png\",\"contentUrl\":\"https:\/\/orangemachine.fr\/wp-content\/uploads\/2023\/04\/Capture-decran-2023-03-19-a-20.39.07.png\",\"width\":410,\"height\":510,\"caption\":\"Orangemachine\"},\"image\":{\"@id\":\"https:\/\/orangemachine.fr\/#\/schema\/logo\/image\/\"}}]}<\/script>\n<!-- \/ Yoast SEO plugin. -->","yoast_head_json":{"title":"Mentions l\u00e9gales - Orangemachine","robots":{"index":"index","follow":"follow","max-snippet":"max-snippet:-1","max-image-preview":"max-image-preview:large","max-video-preview":"max-video-preview:-1"},"canonical":"https:\/\/orangemachine.fr\/en\/mentions-legales\/","og_locale":"en_US","og_type":"article","og_title":"Mentions l\u00e9gales - Orangemachine","og_description":"Orangemachine est enregistr\u00e9e au registre du commerce sous la d\u00e9nomination Orangemachine SAS\u00e9tablie au 5 rue du Pipay, 44000 NANTESn\u00b0SIRET : 94959741300010 RCS NANTES. Directeur de la publication : Franck Guillois [&hellip;]","og_url":"https:\/\/orangemachine.fr\/en\/mentions-legales\/","og_site_name":"Orangemachine","article_modified_time":"2024-02-25T10:59:42+00:00","twitter_card":"summary_large_image","twitter_misc":{"Est. reading time":"1 minute"},"schema":{"@context":"https:\/\/schema.org","@graph":[{"@type":"WebPage","@id":"https:\/\/orangemachine.fr\/mentions-legales\/","url":"https:\/\/orangemachine.fr\/mentions-legales\/","name":"Mentions l\u00e9gales - Orangemachine","isPartOf":{"@id":"https:\/\/orangemachine.fr\/#website"},"datePublished":"2023-09-26T15:21:15+00:00","dateModified":"2024-02-25T10:59:42+00:00","breadcrumb":{"@id":"https:\/\/orangemachine.fr\/mentions-legales\/#breadcrumb"},"inLanguage":"en-US","potentialAction":[{"@type":"ReadAction","target":["https:\/\/orangemachine.fr\/mentions-legales\/"]}]},{"@type":"BreadcrumbList","@id":"https:\/\/orangemachine.fr\/mentions-legales\/#breadcrumb","itemListElement":[{"@type":"ListItem","position":1,"name":"Accueil","item":"https:\/\/orangemachine.fr\/"},{"@type":"ListItem","position":2,"name":"Mentions l\u00e9gales"}]},{"@type":"WebSite","@id":"https:\/\/orangemachine.fr\/#website","url":"https:\/\/orangemachine.fr\/","name":"Orangemachine","description":"Sharing the passion for electronic music","publisher":{"@id":"https:\/\/orangemachine.fr\/#organization"},"potentialAction":[{"@type":"SearchAction","target":{"@type":"EntryPoint","urlTemplate":"https:\/\/orangemachine.fr\/?s={search_term_string}"},"query-input":{"@type":"PropertyValueSpecification","valueRequired":true,"valueName":"search_term_string"}}],"inLanguage":"en-US"},{"@type":"Organization","@id":"https:\/\/orangemachine.fr\/#organization","name":"Orangemachine","url":"https:\/\/orangemachine.fr\/","logo":{"@type":"ImageObject","inLanguage":"en-US","@id":"https:\/\/orangemachine.fr\/#\/schema\/logo\/image\/","url":"https:\/\/orangemachine.fr\/wp-content\/uploads\/2023\/04\/Capture-decran-2023-03-19-a-20.39.07.png","contentUrl":"https:\/\/orangemachine.fr\/wp-content\/uploads\/2023\/04\/Capture-decran-2023-03-19-a-20.39.07.png","width":410,"height":510,"caption":"Orangemachine"},"image":{"@id":"https:\/\/orangemachine.fr\/#\/schema\/logo\/image\/"}}]}},"jetpack_sharing_enabled":true,"_links":{"self":[{"href":"https:\/\/orangemachine.fr\/en\/wp-json\/wp\/v2\/pages\/814","targetHints":{"allow":["GET"]}}],"collection":[{"href":"https:\/\/orangemachine.fr\/en\/wp-json\/wp\/v2\/pages"}],"about":[{"href":"https:\/\/orangemachine.fr\/en\/wp-json\/wp\/v2\/types\/page"}],"author":[{"embeddable":true,"href":"https:\/\/orangemachine.fr\/en\/wp-json\/wp\/v2\/users\/1"}],"replies":[{"embeddable":true,"href":"https:\/\/orangemachine.fr\/en\/wp-json\/wp\/v2\/comments?post=814"}],"version-history":[{"count":0,"href":"https:\/\/orangemachine.fr\/en\/wp-json\/wp\/v2\/pages\/814\/revisions"}],"wp:attachment":[{"href":"https:\/\/orangemachine.fr\/en\/wp-json\/wp\/v2\/media?parent=814"}],"curies":[{"name":"wp","href":"https:\/\/api.w.org\/{rel}","templated":true}]}}