{"id":2779,"date":"2024-04-03T16:02:38","date_gmt":"2024-04-03T16:02:38","guid":{"rendered":"https:\/\/orangemachine.fr\/?page_id=2779"},"modified":"2024-04-04T18:44:03","modified_gmt":"2024-04-04T18:44:03","slug":"resume-panier","status":"publish","type":"page","link":"https:\/\/orangemachine.fr\/en\/resume-panier\/","title":{"rendered":"R\u00e9sum\u00e9 panier"},"content":{"rendered":"<div data-elementor-type=\"wp-page\" data-elementor-id=\"2779\" class=\"elementor elementor-2779\" data-elementor-post-type=\"page\">\n\t\t\t\t\t\t<section class=\"elementor-section elementor-top-section elementor-element elementor-element-4d35080 elementor-section-boxed elementor-section-height-default elementor-section-height-default\" data-id=\"4d35080\" data-element_type=\"section\">\n\t\t\t\t\t\t<div class=\"elementor-container elementor-column-gap-default\">\n\t\t\t\t\t<div class=\"elementor-column elementor-col-100 elementor-top-column elementor-element elementor-element-08b9f62\" data-id=\"08b9f62\" data-element_type=\"column\" data-settings=\"{&quot;background_background&quot;:&quot;classic&quot;}\">\n\t\t\t<div class=\"elementor-widget-wrap elementor-element-populated\">\n\t\t\t\t\t\t<div class=\"elementor-element elementor-element-d01144d e-checkout-layout-two-column elementor-widget elementor-widget-woocommerce-checkout-page\" data-id=\"d01144d\" data-element_type=\"widget\" data-widget_type=\"woocommerce-checkout-page.default\">\n\t\t\t\t<div class=\"elementor-widget-container\">\n\t\t\t\t\t<div class=\"woocommerce\"><\/div>\t\t\t\t<\/div>\n\t\t\t\t<\/div>\n\t\t\t\t<div class=\"elementor-element elementor-element-65fa805 elementor-widget elementor-widget-html\" data-id=\"65fa805\" data-element_type=\"widget\" data-widget_type=\"html.default\">\n\t\t\t\t<div class=\"elementor-widget-container\">\n\t\t\t\t\t<script>\njQuery(function($){\n    setTimeout(() => {\n       $( \"a.woocommerce-terms-and-conditions-link\" ).unbind( \"click\" );\n        $( \"a.woocommerce-terms-and-conditions-link\" ).off( \"click\" );\n        $( document.body ).off('click', 'a.woocommerce-terms-and-conditions-link');\n        \n        $( document.body ).on('click', 'a.woocommerce-terms-and-conditions-link', function( event ) {\n        \t\n        \t $(this).attr(\"target\", \"_blank\");\n            window.open( $(this).attr(\"href\"));\n        \n            return false;\n        }); \n    }, 1000);\n    \n});\n<\/script>\t\t\t\t<\/div>\n\t\t\t\t<\/div>\n\t\t\t\t<div class=\"elementor-element elementor-element-47bb53d elementor-widget elementor-widget-spacer\" data-id=\"47bb53d\" data-element_type=\"widget\" data-widget_type=\"spacer.default\">\n\t\t\t\t<div class=\"elementor-widget-container\">\n\t\t\t\t\t\t\t<div class=\"elementor-spacer\">\n\t\t\t<div class=\"elementor-spacer-inner\"><\/div>\n\t\t<\/div>\n\t\t\t\t\t\t<\/div>\n\t\t\t\t<\/div>\n\t\t\t\t\t<\/div>\n\t\t<\/div>\n\t\t\t\t\t<\/div>\n\t\t<\/section>\n\t\t\t\t<\/div>","protected":false},"excerpt":{"rendered":"<p>D\u00e9tails de facturation Pr\u00e9nom&nbsp;* Nom&nbsp;* Nom de l\u2019entreprise&nbsp;(facultatif) Pays\/r\u00e9gion&nbsp;*S\u00e9lectionner un pays\/r\u00e9gion\u2026AfghanistanAfrique du Sud\u00c5land IslandsAlbanieAlg\u00e9rieAllemagneAmerican SamoaAndorreAngolaAnguillaAntarctiqueAntigua-et-BarbudaArabie SaouditeArgentineArm\u00e9nieArubaAustralieAutricheAzerbaijanBahamasBahrainBangladeshBarbadesBelauBelgiqueBelizeBeninBermudesBhutanBi\u00e9lorussieBolivieBosnie-Herz\u00e9govineBotswanaBr\u00e9silBruneiBulgarieBurkina FasoBurundiCambodgeCamerounCanadaCap VertChiliChineChristmas IslandChypreColombieComoresCongo (Brazzaville)Congo (Kinshasa)Cor\u00e9e du NordCor\u00e9e du SudCosta RicaC\u00f4te-d\u2019IvoireCroatieCubaCura\u00e7aoDanemarkDjiboutiDominique\u00c9gypte\u00c9mirats Arabes Unis\u00c9quateurErythr\u00e9eEspagneEstonieEswatiniEtats-Unis (USA)\u00c9thiopieFidjiFinlandeFranceGabonGambieG\u00e9orgieG\u00e9orgie du [&hellip;]<\/p>","protected":false},"author":2,"featured_media":0,"parent":0,"menu_order":0,"comment_status":"closed","ping_status":"closed","template":"elementor_header_footer","meta":{"_acf_changed":false,"_price":"","_stock":"","_tribe_ticket_header":"","_tribe_default_ticket_provider":"","_tribe_ticket_capacity":"0","_ticket_start_date":"","_ticket_end_date":"","_tribe_ticket_show_description":"","_tribe_ticket_show_not_going":false,"_tribe_ticket_use_global_stock":"","_tribe_ticket_global_stock_level":"","_global_stock_mode":"","_global_stock_cap":"","_tribe_rsvp_for_event":"","_tribe_ticket_going_count":"","_tribe_ticket_not_going_count":"","_tribe_tickets_list":"[]","_tribe_ticket_has_attendee_info_fields":false,"footnotes":""},"class_list":["post-2779","page","type-page","status-publish","hentry"],"acf":[],"yoast_head":"<!-- This site is optimized with the Yoast SEO plugin v25.5 - https:\/\/yoast.com\/wordpress\/plugins\/seo\/ -->\n<title>R\u00e9sum\u00e9 panier - Orangemachine<\/title>\n<meta name=\"robots\" content=\"index, follow, max-snippet:-1, max-image-preview:large, max-video-preview:-1\" \/>\n<link rel=\"canonical\" href=\"https:\/\/orangemachine.fr\/en\/resume-panier\/\" \/>\n<meta property=\"og:locale\" content=\"en_US\" \/>\n<meta property=\"og:type\" content=\"article\" \/>\n<meta property=\"og:title\" content=\"R\u00e9sum\u00e9 panier - Orangemachine\" \/>\n<meta property=\"og:description\" content=\"D\u00e9tails de facturation Pr\u00e9nom&nbsp;* Nom&nbsp;* Nom de l\u2019entreprise&nbsp;(facultatif) Pays\/r\u00e9gion&nbsp;*S\u00e9lectionner un pays\/r\u00e9gion\u2026AfghanistanAfrique du Sud\u00c5land IslandsAlbanieAlg\u00e9rieAllemagneAmerican SamoaAndorreAngolaAnguillaAntarctiqueAntigua-et-BarbudaArabie SaouditeArgentineArm\u00e9nieArubaAustralieAutricheAzerbaijanBahamasBahrainBangladeshBarbadesBelauBelgiqueBelizeBeninBermudesBhutanBi\u00e9lorussieBolivieBosnie-Herz\u00e9govineBotswanaBr\u00e9silBruneiBulgarieBurkina FasoBurundiCambodgeCamerounCanadaCap VertChiliChineChristmas IslandChypreColombieComoresCongo (Brazzaville)Congo (Kinshasa)Cor\u00e9e du NordCor\u00e9e du SudCosta RicaC\u00f4te-d\u2019IvoireCroatieCubaCura\u00e7aoDanemarkDjiboutiDominique\u00c9gypte\u00c9mirats Arabes Unis\u00c9quateurErythr\u00e9eEspagneEstonieEswatiniEtats-Unis (USA)\u00c9thiopieFidjiFinlandeFranceGabonGambieG\u00e9orgieG\u00e9orgie du [&hellip;]\" \/>\n<meta property=\"og:url\" content=\"https:\/\/orangemachine.fr\/en\/resume-panier\/\" \/>\n<meta property=\"og:site_name\" content=\"Orangemachine\" \/>\n<meta property=\"article:modified_time\" content=\"2024-04-04T18:44:03+00:00\" \/>\n<meta name=\"twitter:card\" content=\"summary_large_image\" \/>\n<meta name=\"twitter:label1\" content=\"Est. reading time\" \/>\n\t<meta name=\"twitter:data1\" content=\"15 minutes\" \/>\n<script type=\"application\/ld+json\" class=\"yoast-schema-graph\">{\"@context\":\"https:\/\/schema.org\",\"@graph\":[{\"@type\":\"WebPage\",\"@id\":\"https:\/\/orangemachine.fr\/resume-panier\/\",\"url\":\"https:\/\/orangemachine.fr\/resume-panier\/\",\"name\":\"R\u00e9sum\u00e9 panier - Orangemachine\",\"isPartOf\":{\"@id\":\"https:\/\/orangemachine.fr\/#website\"},\"datePublished\":\"2024-04-03T16:02:38+00:00\",\"dateModified\":\"2024-04-04T18:44:03+00:00\",\"breadcrumb\":{\"@id\":\"https:\/\/orangemachine.fr\/resume-panier\/#breadcrumb\"},\"inLanguage\":\"en-US\",\"potentialAction\":[{\"@type\":\"ReadAction\",\"target\":[\"https:\/\/orangemachine.fr\/resume-panier\/\"]}]},{\"@type\":\"BreadcrumbList\",\"@id\":\"https:\/\/orangemachine.fr\/resume-panier\/#breadcrumb\",\"itemListElement\":[{\"@type\":\"ListItem\",\"position\":1,\"name\":\"Accueil\",\"item\":\"https:\/\/orangemachine.fr\/\"},{\"@type\":\"ListItem\",\"position\":2,\"name\":\"R\u00e9sum\u00e9 panier\"}]},{\"@type\":\"WebSite\",\"@id\":\"https:\/\/orangemachine.fr\/#website\",\"url\":\"https:\/\/orangemachine.fr\/\",\"name\":\"Orangemachine\",\"description\":\"Sharing the passion for electronic music\",\"publisher\":{\"@id\":\"https:\/\/orangemachine.fr\/#organization\"},\"potentialAction\":[{\"@type\":\"SearchAction\",\"target\":{\"@type\":\"EntryPoint\",\"urlTemplate\":\"https:\/\/orangemachine.fr\/?s={search_term_string}\"},\"query-input\":{\"@type\":\"PropertyValueSpecification\",\"valueRequired\":true,\"valueName\":\"search_term_string\"}}],\"inLanguage\":\"en-US\"},{\"@type\":\"Organization\",\"@id\":\"https:\/\/orangemachine.fr\/#organization\",\"name\":\"Orangemachine\",\"url\":\"https:\/\/orangemachine.fr\/\",\"logo\":{\"@type\":\"ImageObject\",\"inLanguage\":\"en-US\",\"@id\":\"https:\/\/orangemachine.fr\/#\/schema\/logo\/image\/\",\"url\":\"https:\/\/orangemachine.fr\/wp-content\/uploads\/2023\/04\/Capture-decran-2023-03-19-a-20.39.07.png\",\"contentUrl\":\"https:\/\/orangemachine.fr\/wp-content\/uploads\/2023\/04\/Capture-decran-2023-03-19-a-20.39.07.png\",\"width\":410,\"height\":510,\"caption\":\"Orangemachine\"},\"image\":{\"@id\":\"https:\/\/orangemachine.fr\/#\/schema\/logo\/image\/\"}}]}<\/script>\n<!-- \/ Yoast SEO plugin. -->","yoast_head_json":{"title":"R\u00e9sum\u00e9 panier - Orangemachine","robots":{"index":"index","follow":"follow","max-snippet":"max-snippet:-1","max-image-preview":"max-image-preview:large","max-video-preview":"max-video-preview:-1"},"canonical":"https:\/\/orangemachine.fr\/en\/resume-panier\/","og_locale":"en_US","og_type":"article","og_title":"R\u00e9sum\u00e9 panier - Orangemachine","og_description":"D\u00e9tails de facturation Pr\u00e9nom&nbsp;* Nom&nbsp;* Nom de l\u2019entreprise&nbsp;(facultatif) Pays\/r\u00e9gion&nbsp;*S\u00e9lectionner un pays\/r\u00e9gion\u2026AfghanistanAfrique du Sud\u00c5land IslandsAlbanieAlg\u00e9rieAllemagneAmerican SamoaAndorreAngolaAnguillaAntarctiqueAntigua-et-BarbudaArabie SaouditeArgentineArm\u00e9nieArubaAustralieAutricheAzerbaijanBahamasBahrainBangladeshBarbadesBelauBelgiqueBelizeBeninBermudesBhutanBi\u00e9lorussieBolivieBosnie-Herz\u00e9govineBotswanaBr\u00e9silBruneiBulgarieBurkina FasoBurundiCambodgeCamerounCanadaCap VertChiliChineChristmas IslandChypreColombieComoresCongo (Brazzaville)Congo (Kinshasa)Cor\u00e9e du NordCor\u00e9e du SudCosta RicaC\u00f4te-d\u2019IvoireCroatieCubaCura\u00e7aoDanemarkDjiboutiDominique\u00c9gypte\u00c9mirats Arabes Unis\u00c9quateurErythr\u00e9eEspagneEstonieEswatiniEtats-Unis (USA)\u00c9thiopieFidjiFinlandeFranceGabonGambieG\u00e9orgieG\u00e9orgie du [&hellip;]","og_url":"https:\/\/orangemachine.fr\/en\/resume-panier\/","og_site_name":"Orangemachine","article_modified_time":"2024-04-04T18:44:03+00:00","twitter_card":"summary_large_image","twitter_misc":{"Est. reading time":"15 minutes"},"schema":{"@context":"https:\/\/schema.org","@graph":[{"@type":"WebPage","@id":"https:\/\/orangemachine.fr\/resume-panier\/","url":"https:\/\/orangemachine.fr\/resume-panier\/","name":"R\u00e9sum\u00e9 panier - Orangemachine","isPartOf":{"@id":"https:\/\/orangemachine.fr\/#website"},"datePublished":"2024-04-03T16:02:38+00:00","dateModified":"2024-04-04T18:44:03+00:00","breadcrumb":{"@id":"https:\/\/orangemachine.fr\/resume-panier\/#breadcrumb"},"inLanguage":"en-US","potentialAction":[{"@type":"ReadAction","target":["https:\/\/orangemachine.fr\/resume-panier\/"]}]},{"@type":"BreadcrumbList","@id":"https:\/\/orangemachine.fr\/resume-panier\/#breadcrumb","itemListElement":[{"@type":"ListItem","position":1,"name":"Accueil","item":"https:\/\/orangemachine.fr\/"},{"@type":"ListItem","position":2,"name":"R\u00e9sum\u00e9 panier"}]},{"@type":"WebSite","@id":"https:\/\/orangemachine.fr\/#website","url":"https:\/\/orangemachine.fr\/","name":"Orangemachine","description":"Sharing the passion for electronic music","publisher":{"@id":"https:\/\/orangemachine.fr\/#organization"},"potentialAction":[{"@type":"SearchAction","target":{"@type":"EntryPoint","urlTemplate":"https:\/\/orangemachine.fr\/?s={search_term_string}"},"query-input":{"@type":"PropertyValueSpecification","valueRequired":true,"valueName":"search_term_string"}}],"inLanguage":"en-US"},{"@type":"Organization","@id":"https:\/\/orangemachine.fr\/#organization","name":"Orangemachine","url":"https:\/\/orangemachine.fr\/","logo":{"@type":"ImageObject","inLanguage":"en-US","@id":"https:\/\/orangemachine.fr\/#\/schema\/logo\/image\/","url":"https:\/\/orangemachine.fr\/wp-content\/uploads\/2023\/04\/Capture-decran-2023-03-19-a-20.39.07.png","contentUrl":"https:\/\/orangemachine.fr\/wp-content\/uploads\/2023\/04\/Capture-decran-2023-03-19-a-20.39.07.png","width":410,"height":510,"caption":"Orangemachine"},"image":{"@id":"https:\/\/orangemachine.fr\/#\/schema\/logo\/image\/"}}]}},"jetpack_sharing_enabled":true,"_links":{"self":[{"href":"https:\/\/orangemachine.fr\/en\/wp-json\/wp\/v2\/pages\/2779","targetHints":{"allow":["GET"]}}],"collection":[{"href":"https:\/\/orangemachine.fr\/en\/wp-json\/wp\/v2\/pages"}],"about":[{"href":"https:\/\/orangemachine.fr\/en\/wp-json\/wp\/v2\/types\/page"}],"author":[{"embeddable":true,"href":"https:\/\/orangemachine.fr\/en\/wp-json\/wp\/v2\/users\/2"}],"replies":[{"embeddable":true,"href":"https:\/\/orangemachine.fr\/en\/wp-json\/wp\/v2\/comments?post=2779"}],"version-history":[{"count":0,"href":"https:\/\/orangemachine.fr\/en\/wp-json\/wp\/v2\/pages\/2779\/revisions"}],"wp:attachment":[{"href":"https:\/\/orangemachine.fr\/en\/wp-json\/wp\/v2\/media?parent=2779"}],"curies":[{"name":"wp","href":"https:\/\/api.w.org\/{rel}","templated":true}]}}