{"id":214,"date":"2023-04-02T10:59:46","date_gmt":"2023-04-02T10:59:46","guid":{"rendered":"https:\/\/orangemachine.fr\/?page_id=214"},"modified":"2024-02-24T09:32:03","modified_gmt":"2024-02-24T09:32:03","slug":"news","status":"publish","type":"page","link":"https:\/\/orangemachine.fr\/en\/news\/","title":{"rendered":"News"},"content":{"rendered":"<div data-elementor-type=\"wp-page\" data-elementor-id=\"214\" class=\"elementor elementor-214\" data-elementor-post-type=\"page\">\n\t\t\t\t\t\t<section class=\"elementor-section elementor-top-section elementor-element elementor-element-4f6f456 elementor-section-content-middle elementor-section-boxed elementor-section-height-default elementor-section-height-default\" data-id=\"4f6f456\" data-element_type=\"section\" data-settings=\"{&quot;background_background&quot;:&quot;classic&quot;,&quot;shape_divider_top&quot;:&quot;tilt&quot;}\">\n\t\t\t\t\t<div class=\"elementor-shape elementor-shape-top\" aria-hidden=\"true\" data-negative=\"false\">\n\t\t\t<svg xmlns=\"http:\/\/www.w3.org\/2000\/svg\" viewbox=\"0 0 1000 100\" preserveaspectratio=\"none\">\n\t<path class=\"elementor-shape-fill\" d=\"M0,6V0h1000v100L0,6z\"\/>\n<\/svg>\t\t<\/div>\n\t\t\t\t\t<div class=\"elementor-container elementor-column-gap-no\">\n\t\t\t\t\t<div class=\"elementor-column elementor-col-100 elementor-top-column elementor-element elementor-element-ca57f41\" data-id=\"ca57f41\" data-element_type=\"column\">\n\t\t\t<div class=\"elementor-widget-wrap elementor-element-populated\">\n\t\t\t\t\t\t<div class=\"elementor-element elementor-element-e51498c elementor-widget elementor-widget-heading\" data-id=\"e51498c\" data-element_type=\"widget\" data-widget_type=\"heading.default\">\n\t\t\t\t<div class=\"elementor-widget-container\">\n\t\t\t\t\t<h3 class=\"elementor-heading-title elementor-size-default\">Les orangenews<\/h3>\t\t\t\t<\/div>\n\t\t\t\t<\/div>\n\t\t\t\t<div class=\"elementor-element elementor-element-2f70520 elementor-grid-3 elementor-grid-tablet-2 elementor-grid-mobile-1 elementor-posts--thumbnail-top elementor-card-shadow-yes elementor-posts__hover-gradient elementor-widget elementor-widget-posts\" data-id=\"2f70520\" data-element_type=\"widget\" data-settings=\"{&quot;cards_columns&quot;:&quot;3&quot;,&quot;cards_columns_tablet&quot;:&quot;2&quot;,&quot;cards_columns_mobile&quot;:&quot;1&quot;,&quot;cards_row_gap&quot;:{&quot;unit&quot;:&quot;px&quot;,&quot;size&quot;:35,&quot;sizes&quot;:[]},&quot;cards_row_gap_tablet&quot;:{&quot;unit&quot;:&quot;px&quot;,&quot;size&quot;:&quot;&quot;,&quot;sizes&quot;:[]},&quot;cards_row_gap_mobile&quot;:{&quot;unit&quot;:&quot;px&quot;,&quot;size&quot;:&quot;&quot;,&quot;sizes&quot;:[]}}\" data-widget_type=\"posts.cards\">\n\t\t\t\t<div class=\"elementor-widget-container\">\n\t\t\t\t\t\t\t<div class=\"elementor-posts-container elementor-posts elementor-posts--skin-cards elementor-grid\" role=\"list\">\n\t\t\t\t<article class=\"elementor-post elementor-grid-item post-1623 post type-post status-publish format-standard hentry category-news artiste-artiste\" role=\"listitem\">\n\t\t\t<div class=\"elementor-post__card\">\n\t\t\t\t<div class=\"elementor-post__text\">\n\t\t\t\t<h3 class=\"elementor-post__title\">\n\t\t\t<a href=\"https:\/\/orangemachine.fr\/en\/2024\/03\/01\/nouvel-artiste-nouveau-titre-alive-de-ocin-j\/\" >\n\t\t\t\tNouvel artiste, nouveau titre : ALIVE de Ocin J\t\t\t<\/a>\n\t\t<\/h3>\n\t\t\t\t<div class=\"elementor-post__excerpt\">\n\t\t\t<p>Cette semaine, nous avons le plaisir de vous pr\u00e9senter le titre intitul\u00e9 \u00ab\u00a0Alive\u00a0\u00bb, con\u00e7u par un talentueux producteur \u00e9mergent de la communaut\u00e9 Les Sondiers. \u00ab\u00a0Alive\u00a0\u00bb est une composition \u00e0 la<\/p>\n\t\t<\/div>\n\t\t\n\t\t<a class=\"elementor-post__read-more\" href=\"https:\/\/orangemachine.fr\/en\/2024\/03\/01\/nouvel-artiste-nouveau-titre-alive-de-ocin-j\/\" aria-label=\"Read more about Nouvel artiste, nouveau titre : ALIVE de Ocin J\" tabindex=\"-1\" >\n\t\t\tLire la suite \u00bb\t\t<\/a>\n\n\t\t\t\t<\/div>\n\t\t\t\t<div class=\"elementor-post__meta-data\">\n\t\t\t\t\t<span class=\"elementor-post-date\">\n\t\t\tMarch 1, 2024\t\t<\/span>\n\t\t\t\t<\/div>\n\t\t\t\t\t<\/div>\n\t\t<\/article>\n\t\t\t\t<article class=\"elementor-post elementor-grid-item post-1518 post type-post status-publish format-standard hentry category-news artiste-artiste\" role=\"listitem\">\n\t\t\t<div class=\"elementor-post__card\">\n\t\t\t\t<div class=\"elementor-post__text\">\n\t\t\t\t<h3 class=\"elementor-post__title\">\n\t\t\t<a href=\"https:\/\/orangemachine.fr\/en\/2024\/02\/23\/nouvelle-sortie-roulez-jeunesse-de-tom-landers\/\" >\n\t\t\t\tNouvelle sortie : Roulez Jeunesse de Tom Landers\t\t\t<\/a>\n\t\t<\/h3>\n\t\t\t\t<div class=\"elementor-post__excerpt\">\n\t\t\t<p>Si vous participez aux s\u00e9ances d&rsquo;\u00e9coute des productions de la communaunt\u00e9 sur Twitch les vendredis \u00e0 18h30, vous avez d\u00e9j\u00e0 sans doute entendu plusieurs morceaux de Tom Landers, qui contribue<\/p>\n\t\t<\/div>\n\t\t\n\t\t<a class=\"elementor-post__read-more\" href=\"https:\/\/orangemachine.fr\/en\/2024\/02\/23\/nouvelle-sortie-roulez-jeunesse-de-tom-landers\/\" aria-label=\"Read more about Nouvelle sortie : Roulez Jeunesse de Tom Landers\" tabindex=\"-1\" >\n\t\t\tLire la suite \u00bb\t\t<\/a>\n\n\t\t\t\t<\/div>\n\t\t\t\t<div class=\"elementor-post__meta-data\">\n\t\t\t\t\t<span class=\"elementor-post-date\">\n\t\t\tFebruary 23, 2024\t\t<\/span>\n\t\t\t\t<\/div>\n\t\t\t\t\t<\/div>\n\t\t<\/article>\n\t\t\t\t<article class=\"elementor-post elementor-grid-item post-987 post type-post status-publish format-standard hentry category-news artiste-artiste\" role=\"listitem\">\n\t\t\t<div class=\"elementor-post__card\">\n\t\t\t\t<div class=\"elementor-post__text\">\n\t\t\t\t<h3 class=\"elementor-post__title\">\n\t\t\t<a href=\"https:\/\/orangemachine.fr\/en\/2024\/02\/17\/elementor-987\/\" >\n\t\t\t\tLe label Orangemachine est enfin live !\t\t\t<\/a>\n\t\t<\/h3>\n\t\t\t\t<div class=\"elementor-post__excerpt\">\n\t\t\t<p>Apr\u00e8s des mois d&rsquo;efforts, voici enfin venu le moment o\u00f9 nous pouvons vous pr\u00e9senter notre premi\u00e8re sortie ! Orangemachine, c&rsquo;est un label ind\u00e9pendant, multi styles (bien que beaucoup d&rsquo;artistes Techno<\/p>\n\t\t<\/div>\n\t\t\n\t\t<a class=\"elementor-post__read-more\" href=\"https:\/\/orangemachine.fr\/en\/2024\/02\/17\/elementor-987\/\" aria-label=\"Read more about Le label Orangemachine est enfin live !\" tabindex=\"-1\" >\n\t\t\tLire la suite \u00bb\t\t<\/a>\n\n\t\t\t\t<\/div>\n\t\t\t\t<div class=\"elementor-post__meta-data\">\n\t\t\t\t\t<span class=\"elementor-post-date\">\n\t\t\tFebruary 17, 2024\t\t<\/span>\n\t\t\t\t<\/div>\n\t\t\t\t\t<\/div>\n\t\t<\/article>\n\t\t\t\t<\/div>\n\t\t\n\t\t\t\t\t\t<\/div>\n\t\t\t\t<\/div>\n\t\t\t\t<div class=\"elementor-element elementor-element-0587877 elementor-widget elementor-widget-spacer\" data-id=\"0587877\" data-element_type=\"widget\" data-widget_type=\"spacer.default\">\n\t\t\t\t<div class=\"elementor-widget-container\">\n\t\t\t\t\t\t\t<div class=\"elementor-spacer\">\n\t\t\t<div class=\"elementor-spacer-inner\"><\/div>\n\t\t<\/div>\n\t\t\t\t\t\t<\/div>\n\t\t\t\t<\/div>\n\t\t\t\t\t<\/div>\n\t\t<\/div>\n\t\t\t\t\t<\/div>\n\t\t<\/section>\n\t\t\t\t<\/div>","protected":false},"excerpt":{"rendered":"<p>Les orangenews<\/p>","protected":false},"author":1,"featured_media":263,"parent":0,"menu_order":0,"comment_status":"closed","ping_status":"closed","template":"elementor_header_footer","meta":{"_acf_changed":false,"_price":"","_stock":"","_tribe_ticket_header":"","_tribe_default_ticket_provider":"","_tribe_ticket_capacity":"0","_ticket_start_date":"","_ticket_end_date":"","_tribe_ticket_show_description":"","_tribe_ticket_show_not_going":false,"_tribe_ticket_use_global_stock":"","_tribe_ticket_global_stock_level":"","_global_stock_mode":"","_global_stock_cap":"","_tribe_rsvp_for_event":"","_tribe_ticket_going_count":"","_tribe_ticket_not_going_count":"","_tribe_tickets_list":"[]","_tribe_ticket_has_attendee_info_fields":false,"footnotes":""},"class_list":["post-214","page","type-page","status-publish","has-post-thumbnail","hentry"],"acf":[],"yoast_head":"<!-- This site is optimized with the Yoast SEO plugin v25.5 - https:\/\/yoast.com\/wordpress\/plugins\/seo\/ -->\n<title>News - Orangemachine<\/title>\n<meta name=\"robots\" content=\"index, follow, max-snippet:-1, max-image-preview:large, max-video-preview:-1\" \/>\n<link rel=\"canonical\" href=\"https:\/\/orangemachine.fr\/en\/news\/\" \/>\n<meta property=\"og:locale\" content=\"en_US\" \/>\n<meta property=\"og:type\" content=\"article\" \/>\n<meta property=\"og:title\" content=\"News - Orangemachine\" \/>\n<meta property=\"og:description\" content=\"Les orangenews\" \/>\n<meta property=\"og:url\" content=\"https:\/\/orangemachine.fr\/en\/news\/\" \/>\n<meta property=\"og:site_name\" content=\"Orangemachine\" \/>\n<meta property=\"article:modified_time\" content=\"2024-02-24T09:32:03+00:00\" \/>\n<meta name=\"twitter:card\" content=\"summary_large_image\" \/>\n<meta name=\"twitter:label1\" content=\"Est. reading time\" \/>\n\t<meta name=\"twitter:data1\" content=\"2 minutes\" \/>\n<script type=\"application\/ld+json\" class=\"yoast-schema-graph\">{\"@context\":\"https:\/\/schema.org\",\"@graph\":[{\"@type\":\"WebPage\",\"@id\":\"https:\/\/orangemachine.fr\/news\/\",\"url\":\"https:\/\/orangemachine.fr\/news\/\",\"name\":\"News - Orangemachine\",\"isPartOf\":{\"@id\":\"https:\/\/orangemachine.fr\/#website\"},\"primaryImageOfPage\":{\"@id\":\"https:\/\/orangemachine.fr\/news\/#primaryimage\"},\"image\":{\"@id\":\"https:\/\/orangemachine.fr\/news\/#primaryimage\"},\"thumbnailUrl\":\"https:\/\/orangemachine.fr\/wp-content\/uploads\/2023\/04\/OM-GRIS-Orange.svg\",\"datePublished\":\"2023-04-02T10:59:46+00:00\",\"dateModified\":\"2024-02-24T09:32:03+00:00\",\"breadcrumb\":{\"@id\":\"https:\/\/orangemachine.fr\/news\/#breadcrumb\"},\"inLanguage\":\"en-US\",\"potentialAction\":[{\"@type\":\"ReadAction\",\"target\":[\"https:\/\/orangemachine.fr\/news\/\"]}]},{\"@type\":\"ImageObject\",\"inLanguage\":\"en-US\",\"@id\":\"https:\/\/orangemachine.fr\/news\/#primaryimage\",\"url\":\"https:\/\/orangemachine.fr\/wp-content\/uploads\/2023\/04\/OM-GRIS-Orange.svg\",\"contentUrl\":\"https:\/\/orangemachine.fr\/wp-content\/uploads\/2023\/04\/OM-GRIS-Orange.svg\",\"width\":555,\"height\":277},{\"@type\":\"BreadcrumbList\",\"@id\":\"https:\/\/orangemachine.fr\/news\/#breadcrumb\",\"itemListElement\":[{\"@type\":\"ListItem\",\"position\":1,\"name\":\"Accueil\",\"item\":\"https:\/\/orangemachine.fr\/\"},{\"@type\":\"ListItem\",\"position\":2,\"name\":\"News\"}]},{\"@type\":\"WebSite\",\"@id\":\"https:\/\/orangemachine.fr\/#website\",\"url\":\"https:\/\/orangemachine.fr\/\",\"name\":\"Orangemachine\",\"description\":\"Sharing the passion for electronic music\",\"publisher\":{\"@id\":\"https:\/\/orangemachine.fr\/#organization\"},\"potentialAction\":[{\"@type\":\"SearchAction\",\"target\":{\"@type\":\"EntryPoint\",\"urlTemplate\":\"https:\/\/orangemachine.fr\/?s={search_term_string}\"},\"query-input\":{\"@type\":\"PropertyValueSpecification\",\"valueRequired\":true,\"valueName\":\"search_term_string\"}}],\"inLanguage\":\"en-US\"},{\"@type\":\"Organization\",\"@id\":\"https:\/\/orangemachine.fr\/#organization\",\"name\":\"Orangemachine\",\"url\":\"https:\/\/orangemachine.fr\/\",\"logo\":{\"@type\":\"ImageObject\",\"inLanguage\":\"en-US\",\"@id\":\"https:\/\/orangemachine.fr\/#\/schema\/logo\/image\/\",\"url\":\"https:\/\/orangemachine.fr\/wp-content\/uploads\/2023\/04\/Capture-decran-2023-03-19-a-20.39.07.png\",\"contentUrl\":\"https:\/\/orangemachine.fr\/wp-content\/uploads\/2023\/04\/Capture-decran-2023-03-19-a-20.39.07.png\",\"width\":410,\"height\":510,\"caption\":\"Orangemachine\"},\"image\":{\"@id\":\"https:\/\/orangemachine.fr\/#\/schema\/logo\/image\/\"}}]}<\/script>\n<!-- \/ Yoast SEO plugin. -->","yoast_head_json":{"title":"News - Orangemachine","robots":{"index":"index","follow":"follow","max-snippet":"max-snippet:-1","max-image-preview":"max-image-preview:large","max-video-preview":"max-video-preview:-1"},"canonical":"https:\/\/orangemachine.fr\/en\/news\/","og_locale":"en_US","og_type":"article","og_title":"News - Orangemachine","og_description":"Les orangenews","og_url":"https:\/\/orangemachine.fr\/en\/news\/","og_site_name":"Orangemachine","article_modified_time":"2024-02-24T09:32:03+00:00","twitter_card":"summary_large_image","twitter_misc":{"Est. reading time":"2 minutes"},"schema":{"@context":"https:\/\/schema.org","@graph":[{"@type":"WebPage","@id":"https:\/\/orangemachine.fr\/news\/","url":"https:\/\/orangemachine.fr\/news\/","name":"News - Orangemachine","isPartOf":{"@id":"https:\/\/orangemachine.fr\/#website"},"primaryImageOfPage":{"@id":"https:\/\/orangemachine.fr\/news\/#primaryimage"},"image":{"@id":"https:\/\/orangemachine.fr\/news\/#primaryimage"},"thumbnailUrl":"https:\/\/orangemachine.fr\/wp-content\/uploads\/2023\/04\/OM-GRIS-Orange.svg","datePublished":"2023-04-02T10:59:46+00:00","dateModified":"2024-02-24T09:32:03+00:00","breadcrumb":{"@id":"https:\/\/orangemachine.fr\/news\/#breadcrumb"},"inLanguage":"en-US","potentialAction":[{"@type":"ReadAction","target":["https:\/\/orangemachine.fr\/news\/"]}]},{"@type":"ImageObject","inLanguage":"en-US","@id":"https:\/\/orangemachine.fr\/news\/#primaryimage","url":"https:\/\/orangemachine.fr\/wp-content\/uploads\/2023\/04\/OM-GRIS-Orange.svg","contentUrl":"https:\/\/orangemachine.fr\/wp-content\/uploads\/2023\/04\/OM-GRIS-Orange.svg","width":555,"height":277},{"@type":"BreadcrumbList","@id":"https:\/\/orangemachine.fr\/news\/#breadcrumb","itemListElement":[{"@type":"ListItem","position":1,"name":"Accueil","item":"https:\/\/orangemachine.fr\/"},{"@type":"ListItem","position":2,"name":"News"}]},{"@type":"WebSite","@id":"https:\/\/orangemachine.fr\/#website","url":"https:\/\/orangemachine.fr\/","name":"Orangemachine","description":"Sharing the passion for electronic music","publisher":{"@id":"https:\/\/orangemachine.fr\/#organization"},"potentialAction":[{"@type":"SearchAction","target":{"@type":"EntryPoint","urlTemplate":"https:\/\/orangemachine.fr\/?s={search_term_string}"},"query-input":{"@type":"PropertyValueSpecification","valueRequired":true,"valueName":"search_term_string"}}],"inLanguage":"en-US"},{"@type":"Organization","@id":"https:\/\/orangemachine.fr\/#organization","name":"Orangemachine","url":"https:\/\/orangemachine.fr\/","logo":{"@type":"ImageObject","inLanguage":"en-US","@id":"https:\/\/orangemachine.fr\/#\/schema\/logo\/image\/","url":"https:\/\/orangemachine.fr\/wp-content\/uploads\/2023\/04\/Capture-decran-2023-03-19-a-20.39.07.png","contentUrl":"https:\/\/orangemachine.fr\/wp-content\/uploads\/2023\/04\/Capture-decran-2023-03-19-a-20.39.07.png","width":410,"height":510,"caption":"Orangemachine"},"image":{"@id":"https:\/\/orangemachine.fr\/#\/schema\/logo\/image\/"}}]}},"jetpack_sharing_enabled":true,"_links":{"self":[{"href":"https:\/\/orangemachine.fr\/en\/wp-json\/wp\/v2\/pages\/214","targetHints":{"allow":["GET"]}}],"collection":[{"href":"https:\/\/orangemachine.fr\/en\/wp-json\/wp\/v2\/pages"}],"about":[{"href":"https:\/\/orangemachine.fr\/en\/wp-json\/wp\/v2\/types\/page"}],"author":[{"embeddable":true,"href":"https:\/\/orangemachine.fr\/en\/wp-json\/wp\/v2\/users\/1"}],"replies":[{"embeddable":true,"href":"https:\/\/orangemachine.fr\/en\/wp-json\/wp\/v2\/comments?post=214"}],"version-history":[{"count":0,"href":"https:\/\/orangemachine.fr\/en\/wp-json\/wp\/v2\/pages\/214\/revisions"}],"wp:featuredmedia":[{"embeddable":true,"href":"https:\/\/orangemachine.fr\/en\/wp-json\/wp\/v2\/media\/263"}],"wp:attachment":[{"href":"https:\/\/orangemachine.fr\/en\/wp-json\/wp\/v2\/media?parent=214"}],"curies":[{"name":"wp","href":"https:\/\/api.w.org\/{rel}","templated":true}]}}