{"id":1550,"date":"2024-02-24T18:03:07","date_gmt":"2024-02-24T18:03:07","guid":{"rendered":"https:\/\/orangemachine.fr\/?page_id=1550"},"modified":"2024-02-24T18:25:54","modified_gmt":"2024-02-24T18:25:54","slug":"promo-request","status":"publish","type":"page","link":"https:\/\/orangemachine.fr\/en\/promo-request\/","title":{"rendered":"Promo request"},"content":{"rendered":"<div data-elementor-type=\"wp-page\" data-elementor-id=\"1550\" class=\"elementor elementor-1550\" data-elementor-post-type=\"page\">\n\t\t\t\t\t\t<section class=\"elementor-section elementor-top-section elementor-element elementor-element-beb7599 elementor-section-boxed elementor-section-height-default elementor-section-height-default\" data-id=\"beb7599\" data-element_type=\"section\">\n\t\t\t\t\t\t<div class=\"elementor-container elementor-column-gap-default\">\n\t\t\t\t\t<div class=\"elementor-column elementor-col-100 elementor-top-column elementor-element elementor-element-3d1d3ee\" data-id=\"3d1d3ee\" data-element_type=\"column\" data-settings=\"{&quot;background_background&quot;:&quot;classic&quot;}\">\n\t\t\t<div class=\"elementor-widget-wrap elementor-element-populated\">\n\t\t\t\t\t\t<div class=\"elementor-element elementor-element-4063340 elementor-widget elementor-widget-text-editor\" data-id=\"4063340\" data-element_type=\"widget\" data-widget_type=\"text-editor.default\">\n\t\t\t\t<div class=\"elementor-widget-container\">\n\t\t\t\t\t\t\t\t\t<p>Vous souhaitez recevoir directement les promos Orangemachine ?\u00a0<\/p><p>Donnez nous votre nom, email ainsi qu&rsquo;une URL nous permettant de v\u00e9rifier vos r\u00e9f\u00e9rences (Profil r\u00e9seaux sociaux).<\/p><p>Ajoutez tout message que vous jugerez utile dans la zone Message et nous reviendrons vers vous dans les plus brefs d\u00e9lais.<\/p>\t\t\t\t\t\t\t\t<\/div>\n\t\t\t\t<\/div>\n\t\t\t\t<div class=\"elementor-element elementor-element-f4ca1b8 elementor-button-align-stretch elementor-widget elementor-widget-form\" data-id=\"f4ca1b8\" data-element_type=\"widget\" data-settings=\"{&quot;step_next_label&quot;:&quot;Suivant&quot;,&quot;step_previous_label&quot;:&quot;Pr\\u00e9c\\u00e9dent&quot;,&quot;button_width&quot;:&quot;100&quot;,&quot;step_type&quot;:&quot;number_text&quot;,&quot;step_icon_shape&quot;:&quot;circle&quot;}\" data-widget_type=\"form.default\">\n\t\t\t\t<div class=\"elementor-widget-container\">\n\t\t\t\t\t\t\t<form class=\"elementor-form\" method=\"post\" id=\"promo_form\" name=\"Nouveau formulaire\" aria-label=\"Nouveau formulaire\" novalidate=\"\" action=\"\">\n\t\t\t<input type=\"hidden\" name=\"post_id\" value=\"1550\"\/>\n\t\t\t<input type=\"hidden\" name=\"form_id\" value=\"f4ca1b8\"\/>\n\t\t\t<input type=\"hidden\" name=\"referer_title\" value=\"Orangemachine\" \/>\n\n\t\t\t\n\t\t\t<div class=\"elementor-form-fields-wrapper elementor-labels-\">\n\t\t\t\t\t\t\t\t<div class=\"elementor-field-type-text elementor-field-group elementor-column elementor-field-group-name elementor-col-100\">\n\t\t\t\t\t\t\t\t\t\t\t\t<label for=\"form-field-name\" class=\"elementor-field-label elementor-screen-only\">\n\t\t\t\t\t\t\t\tNom\t\t\t\t\t\t\t<\/label>\n\t\t\t\t\t\t\t\t\t\t\t\t\t\t<input size=\"1\" type=\"text\" name=\"form_fields[name]\" id=\"form-field-name\" class=\"elementor-field elementor-size-md  elementor-field-textual\" placeholder=\"Nom\">\n\t\t\t\t\t\t\t\t\t\t\t<\/div>\n\t\t\t\t\t\t\t\t<div class=\"elementor-field-type-email elementor-field-group elementor-column elementor-field-group-email elementor-col-100 elementor-field-required\">\n\t\t\t\t\t\t\t\t\t\t\t\t<label for=\"form-field-email\" class=\"elementor-field-label elementor-screen-only\">\n\t\t\t\t\t\t\t\tE-mail\t\t\t\t\t\t\t<\/label>\n\t\t\t\t\t\t\t\t\t\t\t\t\t\t<input size=\"1\" type=\"email\" name=\"form_fields[email]\" id=\"form-field-email\" class=\"elementor-field elementor-size-md  elementor-field-textual\" placeholder=\"E-mail\" required=\"required\">\n\t\t\t\t\t\t\t\t\t\t\t<\/div>\n\t\t\t\t\t\t\t\t<div class=\"elementor-field-type-url elementor-field-group elementor-column elementor-field-group-URLref elementor-col-100 elementor-field-required\">\n\t\t\t\t\t\t\t\t\t\t\t\t<label for=\"form-field-URLref\" class=\"elementor-field-label elementor-screen-only\">\n\t\t\t\t\t\t\t\tURL\t\t\t\t\t\t\t<\/label>\n\t\t\t\t\t\t\t\t\t\t\t\t\t\t<input size=\"1\" type=\"url\" name=\"form_fields[URLref]\" id=\"form-field-URLref\" class=\"elementor-field elementor-size-md  elementor-field-textual\" placeholder=\"URL\" required=\"required\">\n\t\t\t\t\t\t\t\t\t\t\t<\/div>\n\t\t\t\t\t\t\t\t<div class=\"elementor-field-type-textarea elementor-field-group elementor-column elementor-field-group-message elementor-col-100 elementor-field-required\">\n\t\t\t\t\t\t\t\t\t\t\t\t<label for=\"form-field-message\" class=\"elementor-field-label elementor-screen-only\">\n\t\t\t\t\t\t\t\tMessage\t\t\t\t\t\t\t<\/label>\n\t\t\t\t\t\t<textarea class=\"elementor-field-textual elementor-field  elementor-size-md\" name=\"form_fields[message]\" id=\"form-field-message\" rows=\"4\" placeholder=\"Message\" required=\"required\"><\/textarea>\t\t\t\t<\/div>\n\t\t\t\t\t\t\t\t<div class=\"elementor-field-group elementor-column elementor-field-type-submit elementor-col-100 e-form__buttons\">\n\t\t\t\t\t<button class=\"elementor-button elementor-size-sm\" type=\"submit\" id=\"promo-send\">\n\t\t\t\t\t\t<span class=\"elementor-button-content-wrapper\">\n\t\t\t\t\t\t\t\t\t\t\t\t\t\t\t\t\t\t\t\t\t\t<span class=\"elementor-button-text\">Envoyer<\/span>\n\t\t\t\t\t\t\t\t\t\t\t\t\t<\/span>\n\t\t\t\t\t<\/button>\n\t\t\t\t<\/div>\n\t\t\t<\/div>\n\t\t<input type=\"hidden\" name=\"trp-form-language\" value=\"en\"\/><\/form>\n\t\t\t\t\t\t<\/div>\n\t\t\t\t<\/div>\n\t\t\t\t\t<\/div>\n\t\t<\/div>\n\t\t\t\t\t<\/div>\n\t\t<\/section>\n\t\t\t\t<\/div>","protected":false},"excerpt":{"rendered":"<p>Vous souhaitez recevoir directement les promos Orangemachine ?\u00a0 Donnez nous votre nom, email ainsi qu&rsquo;une URL nous permettant de v\u00e9rifier vos r\u00e9f\u00e9rences (Profil r\u00e9seaux sociaux). Ajoutez tout message que vous [&hellip;]<\/p>","protected":false},"author":1,"featured_media":0,"parent":0,"menu_order":0,"comment_status":"closed","ping_status":"closed","template":"","meta":{"_acf_changed":false,"_price":"","_stock":"","_tribe_ticket_header":"","_tribe_default_ticket_provider":"","_tribe_ticket_capacity":"0","_ticket_start_date":"","_ticket_end_date":"","_tribe_ticket_show_description":"","_tribe_ticket_show_not_going":false,"_tribe_ticket_use_global_stock":"","_tribe_ticket_global_stock_level":"","_global_stock_mode":"","_global_stock_cap":"","_tribe_rsvp_for_event":"","_tribe_ticket_going_count":"","_tribe_ticket_not_going_count":"","_tribe_tickets_list":"[]","_tribe_ticket_has_attendee_info_fields":false,"footnotes":""},"class_list":["post-1550","page","type-page","status-publish","hentry"],"acf":[],"yoast_head":"<!-- This site is optimized with the Yoast SEO plugin v25.5 - https:\/\/yoast.com\/wordpress\/plugins\/seo\/ -->\n<title>Promo request - Orangemachine<\/title>\n<meta name=\"robots\" content=\"index, follow, max-snippet:-1, max-image-preview:large, max-video-preview:-1\" \/>\n<link rel=\"canonical\" href=\"https:\/\/orangemachine.fr\/en\/promo-request\/\" \/>\n<meta property=\"og:locale\" content=\"en_US\" \/>\n<meta property=\"og:type\" content=\"article\" \/>\n<meta property=\"og:title\" content=\"Promo request - Orangemachine\" \/>\n<meta property=\"og:description\" content=\"Vous souhaitez recevoir directement les promos Orangemachine ?\u00a0 Donnez nous votre nom, email ainsi qu&rsquo;une URL nous permettant de v\u00e9rifier vos r\u00e9f\u00e9rences (Profil r\u00e9seaux sociaux). Ajoutez tout message que vous [&hellip;]\" \/>\n<meta property=\"og:url\" content=\"https:\/\/orangemachine.fr\/en\/promo-request\/\" \/>\n<meta property=\"og:site_name\" content=\"Orangemachine\" \/>\n<meta property=\"article:modified_time\" content=\"2024-02-24T18:25:54+00:00\" \/>\n<meta name=\"twitter:card\" content=\"summary_large_image\" \/>\n<meta name=\"twitter:label1\" content=\"Est. reading time\" \/>\n\t<meta name=\"twitter:data1\" content=\"1 minute\" \/>\n<script type=\"application\/ld+json\" class=\"yoast-schema-graph\">{\"@context\":\"https:\/\/schema.org\",\"@graph\":[{\"@type\":\"WebPage\",\"@id\":\"https:\/\/orangemachine.fr\/promo-request\/\",\"url\":\"https:\/\/orangemachine.fr\/promo-request\/\",\"name\":\"Promo request - Orangemachine\",\"isPartOf\":{\"@id\":\"https:\/\/orangemachine.fr\/#website\"},\"datePublished\":\"2024-02-24T18:03:07+00:00\",\"dateModified\":\"2024-02-24T18:25:54+00:00\",\"breadcrumb\":{\"@id\":\"https:\/\/orangemachine.fr\/promo-request\/#breadcrumb\"},\"inLanguage\":\"en-US\",\"potentialAction\":[{\"@type\":\"ReadAction\",\"target\":[\"https:\/\/orangemachine.fr\/promo-request\/\"]}]},{\"@type\":\"BreadcrumbList\",\"@id\":\"https:\/\/orangemachine.fr\/promo-request\/#breadcrumb\",\"itemListElement\":[{\"@type\":\"ListItem\",\"position\":1,\"name\":\"Accueil\",\"item\":\"https:\/\/orangemachine.fr\/\"},{\"@type\":\"ListItem\",\"position\":2,\"name\":\"Promo request\"}]},{\"@type\":\"WebSite\",\"@id\":\"https:\/\/orangemachine.fr\/#website\",\"url\":\"https:\/\/orangemachine.fr\/\",\"name\":\"Orangemachine\",\"description\":\"Sharing the passion for electronic music\",\"publisher\":{\"@id\":\"https:\/\/orangemachine.fr\/#organization\"},\"potentialAction\":[{\"@type\":\"SearchAction\",\"target\":{\"@type\":\"EntryPoint\",\"urlTemplate\":\"https:\/\/orangemachine.fr\/?s={search_term_string}\"},\"query-input\":{\"@type\":\"PropertyValueSpecification\",\"valueRequired\":true,\"valueName\":\"search_term_string\"}}],\"inLanguage\":\"en-US\"},{\"@type\":\"Organization\",\"@id\":\"https:\/\/orangemachine.fr\/#organization\",\"name\":\"Orangemachine\",\"url\":\"https:\/\/orangemachine.fr\/\",\"logo\":{\"@type\":\"ImageObject\",\"inLanguage\":\"en-US\",\"@id\":\"https:\/\/orangemachine.fr\/#\/schema\/logo\/image\/\",\"url\":\"https:\/\/orangemachine.fr\/wp-content\/uploads\/2023\/04\/Capture-decran-2023-03-19-a-20.39.07.png\",\"contentUrl\":\"https:\/\/orangemachine.fr\/wp-content\/uploads\/2023\/04\/Capture-decran-2023-03-19-a-20.39.07.png\",\"width\":410,\"height\":510,\"caption\":\"Orangemachine\"},\"image\":{\"@id\":\"https:\/\/orangemachine.fr\/#\/schema\/logo\/image\/\"}}]}<\/script>\n<!-- \/ Yoast SEO plugin. -->","yoast_head_json":{"title":"Promo request - Orangemachine","robots":{"index":"index","follow":"follow","max-snippet":"max-snippet:-1","max-image-preview":"max-image-preview:large","max-video-preview":"max-video-preview:-1"},"canonical":"https:\/\/orangemachine.fr\/en\/promo-request\/","og_locale":"en_US","og_type":"article","og_title":"Promo request - Orangemachine","og_description":"Vous souhaitez recevoir directement les promos Orangemachine ?\u00a0 Donnez nous votre nom, email ainsi qu&rsquo;une URL nous permettant de v\u00e9rifier vos r\u00e9f\u00e9rences (Profil r\u00e9seaux sociaux). Ajoutez tout message que vous [&hellip;]","og_url":"https:\/\/orangemachine.fr\/en\/promo-request\/","og_site_name":"Orangemachine","article_modified_time":"2024-02-24T18:25:54+00:00","twitter_card":"summary_large_image","twitter_misc":{"Est. reading time":"1 minute"},"schema":{"@context":"https:\/\/schema.org","@graph":[{"@type":"WebPage","@id":"https:\/\/orangemachine.fr\/promo-request\/","url":"https:\/\/orangemachine.fr\/promo-request\/","name":"Promo request - Orangemachine","isPartOf":{"@id":"https:\/\/orangemachine.fr\/#website"},"datePublished":"2024-02-24T18:03:07+00:00","dateModified":"2024-02-24T18:25:54+00:00","breadcrumb":{"@id":"https:\/\/orangemachine.fr\/promo-request\/#breadcrumb"},"inLanguage":"en-US","potentialAction":[{"@type":"ReadAction","target":["https:\/\/orangemachine.fr\/promo-request\/"]}]},{"@type":"BreadcrumbList","@id":"https:\/\/orangemachine.fr\/promo-request\/#breadcrumb","itemListElement":[{"@type":"ListItem","position":1,"name":"Accueil","item":"https:\/\/orangemachine.fr\/"},{"@type":"ListItem","position":2,"name":"Promo request"}]},{"@type":"WebSite","@id":"https:\/\/orangemachine.fr\/#website","url":"https:\/\/orangemachine.fr\/","name":"Orangemachine","description":"Sharing the passion for electronic music","publisher":{"@id":"https:\/\/orangemachine.fr\/#organization"},"potentialAction":[{"@type":"SearchAction","target":{"@type":"EntryPoint","urlTemplate":"https:\/\/orangemachine.fr\/?s={search_term_string}"},"query-input":{"@type":"PropertyValueSpecification","valueRequired":true,"valueName":"search_term_string"}}],"inLanguage":"en-US"},{"@type":"Organization","@id":"https:\/\/orangemachine.fr\/#organization","name":"Orangemachine","url":"https:\/\/orangemachine.fr\/","logo":{"@type":"ImageObject","inLanguage":"en-US","@id":"https:\/\/orangemachine.fr\/#\/schema\/logo\/image\/","url":"https:\/\/orangemachine.fr\/wp-content\/uploads\/2023\/04\/Capture-decran-2023-03-19-a-20.39.07.png","contentUrl":"https:\/\/orangemachine.fr\/wp-content\/uploads\/2023\/04\/Capture-decran-2023-03-19-a-20.39.07.png","width":410,"height":510,"caption":"Orangemachine"},"image":{"@id":"https:\/\/orangemachine.fr\/#\/schema\/logo\/image\/"}}]}},"jetpack_sharing_enabled":true,"_links":{"self":[{"href":"https:\/\/orangemachine.fr\/en\/wp-json\/wp\/v2\/pages\/1550","targetHints":{"allow":["GET"]}}],"collection":[{"href":"https:\/\/orangemachine.fr\/en\/wp-json\/wp\/v2\/pages"}],"about":[{"href":"https:\/\/orangemachine.fr\/en\/wp-json\/wp\/v2\/types\/page"}],"author":[{"embeddable":true,"href":"https:\/\/orangemachine.fr\/en\/wp-json\/wp\/v2\/users\/1"}],"replies":[{"embeddable":true,"href":"https:\/\/orangemachine.fr\/en\/wp-json\/wp\/v2\/comments?post=1550"}],"version-history":[{"count":0,"href":"https:\/\/orangemachine.fr\/en\/wp-json\/wp\/v2\/pages\/1550\/revisions"}],"wp:attachment":[{"href":"https:\/\/orangemachine.fr\/en\/wp-json\/wp\/v2\/media?parent=1550"}],"curies":[{"name":"wp","href":"https:\/\/api.w.org\/{rel}","templated":true}]}}